{"id":1276,"date":"2020-12-01T01:25:36","date_gmt":"2020-12-01T01:25:36","guid":{"rendered":"https:\/\/robotray.com\/de\/our-story-copy\/"},"modified":"2022-07-14T23:13:15","modified_gmt":"2022-07-14T23:13:15","slug":"robotray-solutions","status":"publish","type":"page","link":"https:\/\/robotray.com\/de\/robotray-solutions\/","title":{"rendered":"L\u00f6sungen"},"content":{"rendered":"<h4><span style=\"color: #ffffff;\">Lassen Sie RoboTray das richtige B\u00e4ckerei-Automatisierungssystem f\u00fcr Sie erstellen.<\/span><\/h4>\n","protected":false},"excerpt":{"rendered":"<p>Lassen Sie RoboTray das richtige B\u00e4ckerei-Automatisierungssystem f\u00fcr Sie erstellen.<\/p>\n","protected":false},"author":1,"featured_media":88,"parent":0,"menu_order":0,"comment_status":"closed","ping_status":"closed","template":"","meta":{"_coblocks_attr":"","_coblocks_dimensions":"","_coblocks_responsive_height":"","_coblocks_accordion_ie_support":""},"acf":[],"yoast_head":"<!-- This site is optimized with the Yoast SEO plugin v19.3 - https:\/\/yoast.com\/wordpress\/plugins\/seo\/ -->\n<title>Robotray Solutions - Bakery Automation Equipment<\/title>\n<meta name=\"description\" content=\"We specialize in bakery automation Equipment, we automate the movement of trays, boards, and pans at high speed and in 1000 different ways.\" \/>\n<meta name=\"robots\" content=\"index, follow, max-snippet:-1, max-image-preview:large, max-video-preview:-1\" \/>\n<link rel=\"canonical\" href=\"https:\/\/robotray.com\/de\/robotray-solutions\/\" \/>\n<meta property=\"og:locale\" content=\"en_US\" \/>\n<meta property=\"og:type\" content=\"article\" \/>\n<meta property=\"og:title\" content=\"Robotray Solutions - Bakery Automation Equipment\" \/>\n<meta property=\"og:description\" content=\"We specialize in bakery automation Equipment, we automate the movement of trays, boards, and pans at high speed and in 1000 different ways.\" \/>\n<meta property=\"og:url\" content=\"https:\/\/robotray.com\/de\/robotray-solutions\/\" \/>\n<meta property=\"og:site_name\" content=\"Robotray Automation\" \/>\n<meta property=\"article:publisher\" content=\"https:\/\/www.facebook.com\/robo.tray\/\" \/>\n<meta property=\"article:modified_time\" content=\"2022-07-14T23:13:15+00:00\" \/>\n<meta property=\"og:image\" content=\"https:\/\/robotray.com\/de\/wp-content\/uploads\/2020\/07\/robotray-head-bg-1.jpg\" \/>\n\t<meta property=\"og:image:width\" content=\"2094\" \/>\n\t<meta property=\"og:image:height\" content=\"911\" \/>\n\t<meta property=\"og:image:type\" content=\"image\/jpeg\" \/>\n<meta name=\"twitter:card\" content=\"summary_large_image\" \/>\n<meta name=\"twitter:label1\" content=\"Est. reading time\" \/>\n\t<meta name=\"twitter:data1\" content=\"1 minute\" \/>\n<script type=\"application\/ld+json\" class=\"yoast-schema-graph\">{\"@context\":\"https:\/\/schema.org\",\"@graph\":[{\"@type\":\"Organization\",\"@id\":\"https:\/\/robotray.com\/de\/#organization\",\"name\":\"Robotray Automation\",\"url\":\"https:\/\/robotray.com\/de\/\",\"sameAs\":[\"https:\/\/www.linkedin.com\/company\/robotray\/\",\"https:\/\/www.youtube.com\/channel\/UCeaMw6P7XI-5A_mX4j3m4Kg\",\"https:\/\/www.facebook.com\/robo.tray\/\"],\"logo\":{\"@type\":\"ImageObject\",\"inLanguage\":\"en-US\",\"@id\":\"https:\/\/robotray.com\/de\/#\/schema\/logo\/image\/\",\"url\":\"https:\/\/robotray.com\/de\/wp-content\/uploads\/2020\/07\/robotraylogo-sml.png\",\"contentUrl\":\"https:\/\/robotray.com\/de\/wp-content\/uploads\/2020\/07\/robotraylogo-sml.png\",\"width\":297,\"height\":46,\"caption\":\"Robotray Automation\"},\"image\":{\"@id\":\"https:\/\/robotray.com\/de\/#\/schema\/logo\/image\/\"}},{\"@type\":\"WebSite\",\"@id\":\"https:\/\/robotray.com\/de\/#website\",\"url\":\"https:\/\/robotray.com\/de\/\",\"name\":\"Robotray Automation\",\"description\":\"Automation can help your manufacturing plant become more profitable.Automatisierung kann Ihrer Fertigungsanlage helfen, profitabler zu werden.L\u2019automatisation de Robotray peut aider votre usine de fabrication \u00e0 devenir plus rentable.La automatizaci\u00f3n de Robotray puede ayudar a hacer mas rentable su f\u00e1brica\",\"publisher\":{\"@id\":\"https:\/\/robotray.com\/de\/#organization\"},\"potentialAction\":[{\"@type\":\"SearchAction\",\"target\":{\"@type\":\"EntryPoint\",\"urlTemplate\":\"https:\/\/robotray.com\/de\/?s={search_term_string}\"},\"query-input\":\"required name=search_term_string\"}],\"inLanguage\":\"en-US\"},{\"@type\":\"ImageObject\",\"inLanguage\":\"en-US\",\"@id\":\"https:\/\/robotray.com\/de\/robotray-solutions\/#primaryimage\",\"url\":\"https:\/\/robotray.com\/de\/wp-content\/uploads\/2020\/07\/robotray-head-bg-1.jpg\",\"contentUrl\":\"https:\/\/robotray.com\/de\/wp-content\/uploads\/2020\/07\/robotray-head-bg-1.jpg\",\"width\":2094,\"height\":911},{\"@type\":\"WebPage\",\"@id\":\"https:\/\/robotray.com\/de\/robotray-solutions\/\",\"url\":\"https:\/\/robotray.com\/de\/robotray-solutions\/\",\"name\":\"Robotray Solutions - Bakery Automation Equipment\",\"isPartOf\":{\"@id\":\"https:\/\/robotray.com\/de\/#website\"},\"primaryImageOfPage\":{\"@id\":\"https:\/\/robotray.com\/de\/robotray-solutions\/#primaryimage\"},\"datePublished\":\"2020-12-01T01:25:36+00:00\",\"dateModified\":\"2022-07-14T23:13:15+00:00\",\"description\":\"We specialize in bakery automation Equipment, we automate the movement of trays, boards, and pans at high speed and in 1000 different ways.\",\"breadcrumb\":{\"@id\":\"https:\/\/robotray.com\/de\/robotray-solutions\/#breadcrumb\"},\"inLanguage\":\"en-US\",\"potentialAction\":[{\"@type\":\"ReadAction\",\"target\":[\"https:\/\/robotray.com\/de\/robotray-solutions\/\"]}]},{\"@type\":\"BreadcrumbList\",\"@id\":\"https:\/\/robotray.com\/de\/robotray-solutions\/#breadcrumb\",\"itemListElement\":[{\"@type\":\"ListItem\",\"position\":1,\"name\":\"L\u00f6sungen\"}]}]}<\/script>\n<!-- \/ Yoast SEO plugin. -->","yoast_head_json":{"title":"Robotray Solutions - Bakery Automation Equipment","description":"We specialize in bakery automation Equipment, we automate the movement of trays, boards, and pans at high speed and in 1000 different ways.","robots":{"index":"index","follow":"follow","max-snippet":"max-snippet:-1","max-image-preview":"max-image-preview:large","max-video-preview":"max-video-preview:-1"},"canonical":"https:\/\/robotray.com\/de\/robotray-solutions\/","og_locale":"en_US","og_type":"article","og_title":"Robotray Solutions - Bakery Automation Equipment","og_description":"We specialize in bakery automation Equipment, we automate the movement of trays, boards, and pans at high speed and in 1000 different ways.","og_url":"https:\/\/robotray.com\/de\/robotray-solutions\/","og_site_name":"Robotray Automation","article_publisher":"https:\/\/www.facebook.com\/robo.tray\/","article_modified_time":"2022-07-14T23:13:15+00:00","og_image":[{"width":2094,"height":911,"url":"https:\/\/robotray.com\/de\/wp-content\/uploads\/2020\/07\/robotray-head-bg-1.jpg","type":"image\/jpeg"}],"twitter_card":"summary_large_image","twitter_misc":{"Est. reading time":"1 minute"},"schema":{"@context":"https:\/\/schema.org","@graph":[{"@type":"Organization","@id":"https:\/\/robotray.com\/de\/#organization","name":"Robotray Automation","url":"https:\/\/robotray.com\/de\/","sameAs":["https:\/\/www.linkedin.com\/company\/robotray\/","https:\/\/www.youtube.com\/channel\/UCeaMw6P7XI-5A_mX4j3m4Kg","https:\/\/www.facebook.com\/robo.tray\/"],"logo":{"@type":"ImageObject","inLanguage":"en-US","@id":"https:\/\/robotray.com\/de\/#\/schema\/logo\/image\/","url":"https:\/\/robotray.com\/de\/wp-content\/uploads\/2020\/07\/robotraylogo-sml.png","contentUrl":"https:\/\/robotray.com\/de\/wp-content\/uploads\/2020\/07\/robotraylogo-sml.png","width":297,"height":46,"caption":"Robotray Automation"},"image":{"@id":"https:\/\/robotray.com\/de\/#\/schema\/logo\/image\/"}},{"@type":"WebSite","@id":"https:\/\/robotray.com\/de\/#website","url":"https:\/\/robotray.com\/de\/","name":"Robotray Automation","description":"Automation can help your manufacturing plant become more profitable.Automatisierung kann Ihrer Fertigungsanlage helfen, profitabler zu werden.L\u2019automatisation de Robotray peut aider votre usine de fabrication \u00e0 devenir plus rentable.La automatizaci\u00f3n de Robotray puede ayudar a hacer mas rentable su f\u00e1brica","publisher":{"@id":"https:\/\/robotray.com\/de\/#organization"},"potentialAction":[{"@type":"SearchAction","target":{"@type":"EntryPoint","urlTemplate":"https:\/\/robotray.com\/de\/?s={search_term_string}"},"query-input":"required name=search_term_string"}],"inLanguage":"en-US"},{"@type":"ImageObject","inLanguage":"en-US","@id":"https:\/\/robotray.com\/de\/robotray-solutions\/#primaryimage","url":"https:\/\/robotray.com\/de\/wp-content\/uploads\/2020\/07\/robotray-head-bg-1.jpg","contentUrl":"https:\/\/robotray.com\/de\/wp-content\/uploads\/2020\/07\/robotray-head-bg-1.jpg","width":2094,"height":911},{"@type":"WebPage","@id":"https:\/\/robotray.com\/de\/robotray-solutions\/","url":"https:\/\/robotray.com\/de\/robotray-solutions\/","name":"Robotray Solutions - Bakery Automation Equipment","isPartOf":{"@id":"https:\/\/robotray.com\/de\/#website"},"primaryImageOfPage":{"@id":"https:\/\/robotray.com\/de\/robotray-solutions\/#primaryimage"},"datePublished":"2020-12-01T01:25:36+00:00","dateModified":"2022-07-14T23:13:15+00:00","description":"We specialize in bakery automation Equipment, we automate the movement of trays, boards, and pans at high speed and in 1000 different ways.","breadcrumb":{"@id":"https:\/\/robotray.com\/de\/robotray-solutions\/#breadcrumb"},"inLanguage":"en-US","potentialAction":[{"@type":"ReadAction","target":["https:\/\/robotray.com\/de\/robotray-solutions\/"]}]},{"@type":"BreadcrumbList","@id":"https:\/\/robotray.com\/de\/robotray-solutions\/#breadcrumb","itemListElement":[{"@type":"ListItem","position":1,"name":"L\u00f6sungen"}]}]}},"_links":{"self":[{"href":"https:\/\/robotray.com\/de\/wp-json\/wp\/v2\/pages\/1276"}],"collection":[{"href":"https:\/\/robotray.com\/de\/wp-json\/wp\/v2\/pages"}],"about":[{"href":"https:\/\/robotray.com\/de\/wp-json\/wp\/v2\/types\/page"}],"author":[{"embeddable":true,"href":"https:\/\/robotray.com\/de\/wp-json\/wp\/v2\/users\/1"}],"replies":[{"embeddable":true,"href":"https:\/\/robotray.com\/de\/wp-json\/wp\/v2\/comments?post=1276"}],"version-history":[{"count":110,"href":"https:\/\/robotray.com\/de\/wp-json\/wp\/v2\/pages\/1276\/revisions"}],"predecessor-version":[{"id":3655,"href":"https:\/\/robotray.com\/de\/wp-json\/wp\/v2\/pages\/1276\/revisions\/3655"}],"wp:featuredmedia":[{"embeddable":true,"href":"https:\/\/robotray.com\/de\/wp-json\/wp\/v2\/media\/88"}],"wp:attachment":[{"href":"https:\/\/robotray.com\/de\/wp-json\/wp\/v2\/media?parent=1276"}],"curies":[{"name":"wp","href":"https:\/\/api.w.org\/{rel}","templated":true}]}}