{"id":3098,"date":"2022-06-22T20:23:12","date_gmt":"2022-06-22T20:23:12","guid":{"rendered":"https:\/\/robotray.com\/de\/?page_id=3098"},"modified":"2022-07-06T23:37:14","modified_gmt":"2022-07-06T23:37:14","slug":"blogs","status":"publish","type":"page","link":"https:\/\/robotray.com\/de\/blogs\/","title":{"rendered":"Blog"},"content":{"rendered":"\t\t<div data-elementor-type=\"wp-page\" data-elementor-id=\"3098\" class=\"elementor elementor-3098\">\n\t\t\t\t\t\t<div class=\"elementor-inner\">\n\t\t\t\t<div class=\"elementor-section-wrap\">\n\t\t\t\t\t\t\t\t\t<section class=\"elementor-section elementor-top-section elementor-element elementor-element-b87e025 elementor-section-height-min-height elementor-section-content-middle elementor-section-boxed elementor-section-height-default elementor-section-items-middle\" data-id=\"b87e025\" data-element_type=\"section\" data-settings=\"{&quot;background_background&quot;:&quot;classic&quot;}\">\n\t\t\t\t\t\t\t<div class=\"elementor-background-overlay\"><\/div>\n\t\t\t\t\t\t\t<div class=\"elementor-container elementor-column-gap-default\">\n\t\t\t\t\t\t\t<div class=\"elementor-row\">\n\t\t\t\t\t<div class=\"elementor-column elementor-col-100 elementor-top-column elementor-element elementor-element-59f1bf5\" data-id=\"59f1bf5\" data-element_type=\"column\" data-settings=\"{&quot;background_background&quot;:&quot;classic&quot;}\">\n\t\t\t<div class=\"elementor-column-wrap elementor-element-populated\">\n\t\t\t\t\t\t\t<div class=\"elementor-widget-wrap\">\n\t\t\t\t\t\t<div class=\"elementor-element elementor-element-8d42a8d elementor-widget elementor-widget-heading\" data-id=\"8d42a8d\" data-element_type=\"widget\" data-widget_type=\"heading.default\">\n\t\t\t\t<div class=\"elementor-widget-container\">\n\t\t\t<h2 class=\"elementor-heading-title elementor-size-default\">Blog<\/h2>\t\t<\/div>\n\t\t\t\t<\/div>\n\t\t\t\t\t\t<\/div>\n\t\t\t\t\t<\/div>\n\t\t<\/div>\n\t\t\t\t\t\t\t\t<\/div>\n\t\t\t\t\t<\/div>\n\t\t<\/section>\n\t\t\t\t<section class=\"elementor-section elementor-top-section elementor-element elementor-element-d8303b3 elementor-section-boxed elementor-section-height-default elementor-section-height-default\" data-id=\"d8303b3\" data-element_type=\"section\" data-settings=\"{&quot;background_background&quot;:&quot;classic&quot;}\">\n\t\t\t\t\t\t\t<div class=\"elementor-background-overlay\"><\/div>\n\t\t\t\t\t\t\t<div class=\"elementor-container elementor-column-gap-default\">\n\t\t\t\t\t\t\t<div class=\"elementor-row\">\n\t\t\t\t\t<div class=\"elementor-column elementor-col-100 elementor-top-column elementor-element elementor-element-ef2576c\" data-id=\"ef2576c\" data-element_type=\"column\" data-settings=\"{&quot;background_background&quot;:&quot;classic&quot;}\">\n\t\t\t<div class=\"elementor-column-wrap elementor-element-populated\">\n\t\t\t\t\t\t\t<div class=\"elementor-widget-wrap\">\n\t\t\t\t\t\t<div class=\"elementor-element elementor-element-ca8a644 elementor-widget elementor-widget-blogmentor_blog_posts\" data-id=\"ca8a644\" data-element_type=\"widget\" data-widget_type=\"blogmentor_blog_posts.default\">\n\t\t\t\t<div class=\"elementor-widget-container\">\n\t\t\t\t\t\n\t\t\t\t\t<div class=\"upl-main\">\n\t\t<div class=\"upl-container\">\n\t\t\t\t\t\t\t<div class=\"upl-left-section bm_content_box\">\n\t\t\t\t\t\t\t\t<div class=\"bm-post-image clearfix bm-hover-effect bm-hover-effect-blur\">\n\t\t\t\t\t<div class=\"upl-image\" style=\"background-image: url('https:\/\/robotray.com\/de\/wp-content\/uploads\/2022\/07\/image.png')\"><\/div>\n\t\t\t\t<\/div>\n\t\t\t\t<div class=\"upl-author\"><img src=\"https:\/\/secure.gravatar.com\/avatar\/656077bfe510f8e11877ba9a3ef3bbca?s=96&d=mm&r=g\"><\/div>\n\t\t\t\t<div class=\"upl-title bm_title\"><a href=\"https:\/\/robotray.com\/de\/robotray-vertikalspeicher\/\" rel=\"bookmark\">ROBOTRAY\u00ae VERTIKALSPEICHER<\/a><\/div>\t\t\t\t\t<div class=\"upl-excerpt bm_content\"> DIE L\u00d6SUNG, UM PLATZ ZU SPAREN UND GLEICHZEITIG EINE NON-STOP-PRODUKTION ZU ERHALTEN. Automatisches servogetriebenes vertikales Ablagesystem. Die Tower-Einheit erm\u00f6glicht vertikale Transfers und automatisches Puffern oder Akkumulieren. Je nach Art der&hellip; <\/div>\n\t\t\t\t\t\t\t\t\t<div class=\"upl-cat-date bm_meta\">\n\t\t\t\t\t\tDeveloper | July 21, 2022 \t\t\t\t\t<\/div>\n\t\t\t\t\t\t\t<\/div>\n\t\t\t\n\t\t\t\t\t\t<div class=\"upl-right-section\">\n\t\t\t\t<div class=\"upl-top bm_content_box\">\n\t\t\t\t\t<div class=\"bm-post-image clearfix bm-hover-effect bm-hover-effect-blur\">\n\t\t\t\t\t\t<div class=\"upl-image\" style=\"background-image: url('https:\/\/robotray.com\/de\/wp-content\/uploads\/2020\/12\/Robotray-bakery-automation-equipment-24.jpg')\"><\/div>\n\t\t\t\t\t<\/div>\n\t\t\t\t\t<div class=\"upl-author\">\n\t\t\t\t\t\t<img src=\"https:\/\/secure.gravatar.com\/avatar\/c85d8d61af383c213097160fde106096?s=96&d=mm&r=g\">\n\t\t\t\t\t<\/div>\n\t\t\t\t\t<div class=\"upl-title bm_title\"><a href=\"https:\/\/robotray.com\/de\/articulo6\/\" rel=\"bookmark\">Articulo6<\/a><\/div>\t\t\t\t\t\t<div class=\"upl-excerpt bm_content\"> We are pleased to announce the collaboration agreement between BAELTEC Automatisierung and&hellip; <\/div>\n\t\t\t\t\t\t\t\t\t\t\t<div class=\"upl-cat-date bm_meta\">\n\t\t\t\t\t\tLetixia | June 23, 2022 \t\t\t\t\t\t<\/div>\n\t\t\t\t\t\t\t\t\t<\/div>\n\t\t\t\t\t\t\t<div class=\"upl-bottom bm_content_box\">\n\t\t\t\t\t<div class=\"bm-post-image clearfix bm-hover-effect bm-hover-effect-blur\">\n\t\t\t\t\t\t<div class=\"upl-image\" style=\"background-image: url('https:\/\/robotray.com\/de\/wp-content\/uploads\/2020\/12\/Robotray-bakery-automation-equipment-07.jpg')\"><\/div>\n\t\t\t\t\t<\/div>\n\t\t\t\t\t<div class=\"upl-author\">\n\t\t\t\t\t\t<img src=\"https:\/\/secure.gravatar.com\/avatar\/c85d8d61af383c213097160fde106096?s=96&d=mm&r=g\">\n\t\t\t\t\t<\/div>\n\t\t\t\t\t<div class=\"upl-title bm_title\"><a href=\"https:\/\/robotray.com\/de\/articulo5\/\" rel=\"bookmark\">Articulo5<\/a><\/div>\t\t\t\t\t\t<div class=\"upl-excerpt bm_content\"> We are pleased to announce the collaboration agreement between BAELTEC Automatisierung and&hellip; <\/div>\n\t\t\t\t\t\t\t\t\t\t\t<div class=\"upl-cat-date bm_meta\">\n\t\t\t\t\t\tLetixia | June 23, 2022 \t\t\t\t\t\t<\/div>\n\t\t\t\t\t\t\t\t\t<\/div>\n\t\t\t\t\t\t<\/div>\n\t\t<\/div>\n\t<\/div>\n\n\t<div class=\"upl-second-section\">\n\t\t\t\t\t<div class=\"upl-second bm_content_box\">\n\t\t\t\t<div class=\"bm-post-image clearfix bm-hover-effect bm-hover-effect-blur\">\n\t\t\t\t\t<div class=\"upl-image\" style=\"background-image: url('https:\/\/robotray.com\/de\/wp-content\/uploads\/2020\/12\/Robotray-bakery-automation-equipment-18.jpg')\"><\/div>\n\t\t\t\t<\/div>\n\t\t\t\t<div class=\"upl-author\">\n\t\t\t\t\t<img src=\"https:\/\/secure.gravatar.com\/avatar\/c85d8d61af383c213097160fde106096?s=96&d=mm&r=g\">\n\t\t\t\t<\/div>\n\t\t\t\t<div class=\"upl-title bm_title\"><a href=\"https:\/\/robotray.com\/de\/articulo4\/\" rel=\"bookmark\">Articulo4<\/a><\/div>\t\t\t\t\t<div class=\"upl-excerpt bm_content\"> We are pleased to announce the collaboration agreement between BAELTEC Automatisierung and&hellip; <\/div>\n\t\t\t\t\t\t\t\t\t<div class=\"upl-cat-date bm_meta\">Letixia | June 23, 2022 \t\t\t\t\t<\/div>\n\t\t\t\t\t\t\t<\/div>\n\t\t\t\t\t<div class=\"upl-second bm_content_box\">\n\t\t\t\t<div class=\"bm-post-image clearfix bm-hover-effect bm-hover-effect-blur\">\n\t\t\t\t\t<div class=\"upl-image\" style=\"background-image: url('https:\/\/robotray.com\/de\/wp-content\/uploads\/2020\/12\/Robotray-bakery-automation-equipment-06.jpg')\"><\/div>\n\t\t\t\t<\/div>\n\t\t\t\t<div class=\"upl-author\">\n\t\t\t\t\t<img src=\"https:\/\/secure.gravatar.com\/avatar\/c85d8d61af383c213097160fde106096?s=96&d=mm&r=g\">\n\t\t\t\t<\/div>\n\t\t\t\t<div class=\"upl-title bm_title\"><a href=\"https:\/\/robotray.com\/de\/articulo3\/\" rel=\"bookmark\">Articulo3<\/a><\/div>\t\t\t\t\t<div class=\"upl-excerpt bm_content\"> We are pleased to announce the collaboration agreement between BAELTEC Automatisierung and&hellip; <\/div>\n\t\t\t\t\t\t\t\t\t<div class=\"upl-cat-date bm_meta\">Letixia | June 23, 2022 \t\t\t\t\t<\/div>\n\t\t\t\t\t\t\t<\/div>\n\t\t\t\t\t<div class=\"upl-second bm_content_box\">\n\t\t\t\t<div class=\"bm-post-image clearfix bm-hover-effect bm-hover-effect-blur\">\n\t\t\t\t\t<div class=\"upl-image\" style=\"background-image: url('https:\/\/robotray.com\/de\/wp-content\/uploads\/2022\/06\/baeltec-Robotray.jpg')\"><\/div>\n\t\t\t\t<\/div>\n\t\t\t\t<div class=\"upl-author\">\n\t\t\t\t\t<img src=\"https:\/\/secure.gravatar.com\/avatar\/c85d8d61af383c213097160fde106096?s=96&d=mm&r=g\">\n\t\t\t\t<\/div>\n\t\t\t\t<div class=\"upl-title bm_title\"><a href=\"https:\/\/robotray.com\/de\/collaboration-agreement\/\" rel=\"bookmark\">Kooperationsvereinbarung<\/a><\/div>\t\t\t\t\t<div class=\"upl-excerpt bm_content\"> Wir freuen uns, die Kooperationsvereinbarung zwischen BAELTEC Automatisierung und Robotray Automation Systems&hellip; <\/div>\n\t\t\t\t\t\t\t\t\t<div class=\"upl-cat-date bm_meta\">Letixia | June 22, 2022 \t\t\t\t\t<\/div>\n\t\t\t\t\t\t\t<\/div>\n\t\t\t\t\t<div class=\"upl-second bm_content_box\">\n\t\t\t\t<div class=\"bm-post-image clearfix bm-hover-effect bm-hover-effect-blur\">\n\t\t\t\t\t<div class=\"upl-image\" style=\"background-image: url('https:\/\/robotray.com\/de\/wp-content\/uploads\/2022\/06\/WhatsApp-Image-2022-01-17-at-8.43.50-PM-7.jpeg')\"><\/div>\n\t\t\t\t<\/div>\n\t\t\t\t<div class=\"upl-author\">\n\t\t\t\t\t<img src=\"https:\/\/secure.gravatar.com\/avatar\/c85d8d61af383c213097160fde106096?s=96&d=mm&r=g\">\n\t\t\t\t<\/div>\n\t\t\t\t<div class=\"upl-title bm_title\"><a href=\"https:\/\/robotray.com\/de\/robotray-handles-not-only-trays-and-boards-also-bread-pans\/\" rel=\"bookmark\">Robotray handhabt nicht nur Tabletts und Bretter, auch Brotpfannen<\/a><\/div>\t\t\t\t\t<div class=\"upl-excerpt bm_content\"> \u00a0 K\u00fcrzlich haben wir einen Bread Pans UNLOADER in Oregon installiert, einem&hellip; <\/div>\n\t\t\t\t\t\t\t\t\t<div class=\"upl-cat-date bm_meta\">Letixia | June 22, 2022 \t\t\t\t\t<\/div>\n\t\t\t\t\t\t\t<\/div>\n\t\t\t<\/div>\n\t\t\t<div class=\"bm-pagination pagination_style_1\">\n\t\t\t\t\t\t\t<\/div>\n\t\t\t\t<\/div>\n\t\t\t\t<\/div>\n\t\t\t\t\t\t<\/div>\n\t\t\t\t\t<\/div>\n\t\t<\/div>\n\t\t\t\t\t\t\t\t<\/div>\n\t\t\t\t\t<\/div>\n\t\t<\/section>\n\t\t\t\t\t\t\t\t\t<\/div>\n\t\t\t<\/div>\n\t\t\t\t\t<\/div>\n\t\t","protected":false},"excerpt":{"rendered":"<p>Articulo6 We are pleased to announce the collaboration agreement between BAELTEC Automatisierung and Robotray Automation Systems Both companies, with more than two decades of experience in the bakery sector to have&hellip; Letixia | June 23, 2022 Articulo5 We are pleased to announce the collaboration agreement between BAELTEC Automatisierung and&hellip; Letixia | June 23, 2022 Articulo4 [&hellip;]<\/p>\n","protected":false},"author":4,"featured_media":1419,"parent":0,"menu_order":0,"comment_status":"closed","ping_status":"closed","template":"elementor_header_footer","meta":{"_coblocks_attr":"","_coblocks_dimensions":"","_coblocks_responsive_height":"","_coblocks_accordion_ie_support":""},"acf":[],"yoast_head":"<!-- This site is optimized with the Yoast SEO plugin v19.3 - https:\/\/yoast.com\/wordpress\/plugins\/seo\/ -->\n<title>Blog - Robotray Automation<\/title>\n<meta name=\"robots\" content=\"index, follow, max-snippet:-1, max-image-preview:large, max-video-preview:-1\" \/>\n<link rel=\"canonical\" href=\"https:\/\/robotray.com\/de\/blogs\/\" \/>\n<meta property=\"og:locale\" content=\"en_US\" \/>\n<meta property=\"og:type\" content=\"article\" \/>\n<meta property=\"og:title\" content=\"Blog - Robotray Automation\" \/>\n<meta property=\"og:description\" content=\"Articulo6 We are pleased to announce the collaboration agreement between BAELTEC Automatisierung and Robotray Automation Systems Both companies, with more than two decades of experience in the bakery sector to have&hellip; Letixia | June 23, 2022 Articulo5 We are pleased to announce the collaboration agreement between BAELTEC Automatisierung and&hellip; Letixia | June 23, 2022 Articulo4 [&hellip;]\" \/>\n<meta property=\"og:url\" content=\"https:\/\/robotray.com\/de\/blogs\/\" \/>\n<meta property=\"og:site_name\" content=\"Robotray Automation\" \/>\n<meta property=\"article:publisher\" content=\"https:\/\/www.facebook.com\/robo.tray\/\" \/>\n<meta property=\"article:modified_time\" content=\"2022-07-06T23:37:14+00:00\" \/>\n<meta property=\"og:image\" content=\"https:\/\/robotray.com\/de\/wp-content\/uploads\/2020\/12\/Robotray-bakery-automation-equipment-20.jpg\" \/>\n\t<meta property=\"og:image:width\" content=\"1500\" \/>\n\t<meta property=\"og:image:height\" content=\"783\" \/>\n\t<meta property=\"og:image:type\" content=\"image\/jpeg\" \/>\n<meta name=\"twitter:card\" content=\"summary_large_image\" \/>\n<meta name=\"twitter:label1\" content=\"Est. reading time\" \/>\n\t<meta name=\"twitter:data1\" content=\"2 minutes\" \/>\n<script type=\"application\/ld+json\" class=\"yoast-schema-graph\">{\"@context\":\"https:\/\/schema.org\",\"@graph\":[{\"@type\":\"Organization\",\"@id\":\"https:\/\/robotray.com\/de\/#organization\",\"name\":\"Robotray Automation\",\"url\":\"https:\/\/robotray.com\/de\/\",\"sameAs\":[\"https:\/\/www.linkedin.com\/company\/robotray\/\",\"https:\/\/www.youtube.com\/channel\/UCeaMw6P7XI-5A_mX4j3m4Kg\",\"https:\/\/www.facebook.com\/robo.tray\/\"],\"logo\":{\"@type\":\"ImageObject\",\"inLanguage\":\"en-US\",\"@id\":\"https:\/\/robotray.com\/de\/#\/schema\/logo\/image\/\",\"url\":\"https:\/\/robotray.com\/de\/wp-content\/uploads\/2020\/07\/robotraylogo-sml.png\",\"contentUrl\":\"https:\/\/robotray.com\/de\/wp-content\/uploads\/2020\/07\/robotraylogo-sml.png\",\"width\":297,\"height\":46,\"caption\":\"Robotray Automation\"},\"image\":{\"@id\":\"https:\/\/robotray.com\/de\/#\/schema\/logo\/image\/\"}},{\"@type\":\"WebSite\",\"@id\":\"https:\/\/robotray.com\/de\/#website\",\"url\":\"https:\/\/robotray.com\/de\/\",\"name\":\"Robotray Automation\",\"description\":\"Automation can help your manufacturing plant become more profitable.Automatisierung kann Ihrer Fertigungsanlage helfen, profitabler zu werden.L\u2019automatisation de Robotray peut aider votre usine de fabrication \u00e0 devenir plus rentable.La automatizaci\u00f3n de Robotray puede ayudar a hacer mas rentable su f\u00e1brica\",\"publisher\":{\"@id\":\"https:\/\/robotray.com\/de\/#organization\"},\"potentialAction\":[{\"@type\":\"SearchAction\",\"target\":{\"@type\":\"EntryPoint\",\"urlTemplate\":\"https:\/\/robotray.com\/de\/?s={search_term_string}\"},\"query-input\":\"required name=search_term_string\"}],\"inLanguage\":\"en-US\"},{\"@type\":\"ImageObject\",\"inLanguage\":\"en-US\",\"@id\":\"https:\/\/robotray.com\/de\/blogs\/#primaryimage\",\"url\":\"https:\/\/robotray.com\/de\/wp-content\/uploads\/2020\/12\/Robotray-bakery-automation-equipment-20.jpg\",\"contentUrl\":\"https:\/\/robotray.com\/de\/wp-content\/uploads\/2020\/12\/Robotray-bakery-automation-equipment-20.jpg\",\"width\":1500,\"height\":783,\"caption\":\"At Robotray we have automation for all the manufacturing processes in your bakery, from the movement of trays at the end of the make-up line, to the final packaging, and palletizing of the product.\"},{\"@type\":\"WebPage\",\"@id\":\"https:\/\/robotray.com\/de\/blogs\/\",\"url\":\"https:\/\/robotray.com\/de\/blogs\/\",\"name\":\"Blog - Robotray Automation\",\"isPartOf\":{\"@id\":\"https:\/\/robotray.com\/de\/#website\"},\"primaryImageOfPage\":{\"@id\":\"https:\/\/robotray.com\/de\/blogs\/#primaryimage\"},\"datePublished\":\"2022-06-22T20:23:12+00:00\",\"dateModified\":\"2022-07-06T23:37:14+00:00\",\"breadcrumb\":{\"@id\":\"https:\/\/robotray.com\/de\/blogs\/#breadcrumb\"},\"inLanguage\":\"en-US\",\"potentialAction\":[{\"@type\":\"ReadAction\",\"target\":[\"https:\/\/robotray.com\/de\/blogs\/\"]}]},{\"@type\":\"BreadcrumbList\",\"@id\":\"https:\/\/robotray.com\/de\/blogs\/#breadcrumb\",\"itemListElement\":[{\"@type\":\"ListItem\",\"position\":1,\"name\":\"Blog\"}]}]}<\/script>\n<!-- \/ Yoast SEO plugin. -->","yoast_head_json":{"title":"Blog - Robotray Automation","robots":{"index":"index","follow":"follow","max-snippet":"max-snippet:-1","max-image-preview":"max-image-preview:large","max-video-preview":"max-video-preview:-1"},"canonical":"https:\/\/robotray.com\/de\/blogs\/","og_locale":"en_US","og_type":"article","og_title":"Blog - Robotray Automation","og_description":"Articulo6 We are pleased to announce the collaboration agreement between BAELTEC Automatisierung and Robotray Automation Systems Both companies, with more than two decades of experience in the bakery sector to have&hellip; Letixia | June 23, 2022 Articulo5 We are pleased to announce the collaboration agreement between BAELTEC Automatisierung and&hellip; Letixia | June 23, 2022 Articulo4 [&hellip;]","og_url":"https:\/\/robotray.com\/de\/blogs\/","og_site_name":"Robotray Automation","article_publisher":"https:\/\/www.facebook.com\/robo.tray\/","article_modified_time":"2022-07-06T23:37:14+00:00","og_image":[{"width":1500,"height":783,"url":"https:\/\/robotray.com\/de\/wp-content\/uploads\/2020\/12\/Robotray-bakery-automation-equipment-20.jpg","type":"image\/jpeg"}],"twitter_card":"summary_large_image","twitter_misc":{"Est. reading time":"2 minutes"},"schema":{"@context":"https:\/\/schema.org","@graph":[{"@type":"Organization","@id":"https:\/\/robotray.com\/de\/#organization","name":"Robotray Automation","url":"https:\/\/robotray.com\/de\/","sameAs":["https:\/\/www.linkedin.com\/company\/robotray\/","https:\/\/www.youtube.com\/channel\/UCeaMw6P7XI-5A_mX4j3m4Kg","https:\/\/www.facebook.com\/robo.tray\/"],"logo":{"@type":"ImageObject","inLanguage":"en-US","@id":"https:\/\/robotray.com\/de\/#\/schema\/logo\/image\/","url":"https:\/\/robotray.com\/de\/wp-content\/uploads\/2020\/07\/robotraylogo-sml.png","contentUrl":"https:\/\/robotray.com\/de\/wp-content\/uploads\/2020\/07\/robotraylogo-sml.png","width":297,"height":46,"caption":"Robotray Automation"},"image":{"@id":"https:\/\/robotray.com\/de\/#\/schema\/logo\/image\/"}},{"@type":"WebSite","@id":"https:\/\/robotray.com\/de\/#website","url":"https:\/\/robotray.com\/de\/","name":"Robotray Automation","description":"Automation can help your manufacturing plant become more profitable.Automatisierung kann Ihrer Fertigungsanlage helfen, profitabler zu werden.L\u2019automatisation de Robotray peut aider votre usine de fabrication \u00e0 devenir plus rentable.La automatizaci\u00f3n de Robotray puede ayudar a hacer mas rentable su f\u00e1brica","publisher":{"@id":"https:\/\/robotray.com\/de\/#organization"},"potentialAction":[{"@type":"SearchAction","target":{"@type":"EntryPoint","urlTemplate":"https:\/\/robotray.com\/de\/?s={search_term_string}"},"query-input":"required name=search_term_string"}],"inLanguage":"en-US"},{"@type":"ImageObject","inLanguage":"en-US","@id":"https:\/\/robotray.com\/de\/blogs\/#primaryimage","url":"https:\/\/robotray.com\/de\/wp-content\/uploads\/2020\/12\/Robotray-bakery-automation-equipment-20.jpg","contentUrl":"https:\/\/robotray.com\/de\/wp-content\/uploads\/2020\/12\/Robotray-bakery-automation-equipment-20.jpg","width":1500,"height":783,"caption":"At Robotray we have automation for all the manufacturing processes in your bakery, from the movement of trays at the end of the make-up line, to the final packaging, and palletizing of the product."},{"@type":"WebPage","@id":"https:\/\/robotray.com\/de\/blogs\/","url":"https:\/\/robotray.com\/de\/blogs\/","name":"Blog - Robotray Automation","isPartOf":{"@id":"https:\/\/robotray.com\/de\/#website"},"primaryImageOfPage":{"@id":"https:\/\/robotray.com\/de\/blogs\/#primaryimage"},"datePublished":"2022-06-22T20:23:12+00:00","dateModified":"2022-07-06T23:37:14+00:00","breadcrumb":{"@id":"https:\/\/robotray.com\/de\/blogs\/#breadcrumb"},"inLanguage":"en-US","potentialAction":[{"@type":"ReadAction","target":["https:\/\/robotray.com\/de\/blogs\/"]}]},{"@type":"BreadcrumbList","@id":"https:\/\/robotray.com\/de\/blogs\/#breadcrumb","itemListElement":[{"@type":"ListItem","position":1,"name":"Blog"}]}]}},"_links":{"self":[{"href":"https:\/\/robotray.com\/de\/wp-json\/wp\/v2\/pages\/3098"}],"collection":[{"href":"https:\/\/robotray.com\/de\/wp-json\/wp\/v2\/pages"}],"about":[{"href":"https:\/\/robotray.com\/de\/wp-json\/wp\/v2\/types\/page"}],"author":[{"embeddable":true,"href":"https:\/\/robotray.com\/de\/wp-json\/wp\/v2\/users\/4"}],"replies":[{"embeddable":true,"href":"https:\/\/robotray.com\/de\/wp-json\/wp\/v2\/comments?post=3098"}],"version-history":[{"count":29,"href":"https:\/\/robotray.com\/de\/wp-json\/wp\/v2\/pages\/3098\/revisions"}],"predecessor-version":[{"id":3529,"href":"https:\/\/robotray.com\/de\/wp-json\/wp\/v2\/pages\/3098\/revisions\/3529"}],"wp:featuredmedia":[{"embeddable":true,"href":"https:\/\/robotray.com\/de\/wp-json\/wp\/v2\/media\/1419"}],"wp:attachment":[{"href":"https:\/\/robotray.com\/de\/wp-json\/wp\/v2\/media?parent=3098"}],"curies":[{"name":"wp","href":"https:\/\/api.w.org\/{rel}","templated":true}]}}