{"id":156,"date":"2020-07-05T18:43:14","date_gmt":"2020-07-05T18:43:14","guid":{"rendered":"https:\/\/robotray.com\/es\/?page_id=156"},"modified":"2022-07-13T23:22:02","modified_gmt":"2022-07-13T23:22:02","slug":"technology","status":"publish","type":"page","link":"https:\/\/robotray.com\/es\/technology\/","title":{"rendered":"Tecnolog\u00eda"},"content":{"rendered":"<h4>GO Green: Consumo reducido de energ\u00eda.<\/h4>\n","protected":false},"excerpt":{"rendered":"<p>GO Green: Consumo reducido de energ\u00eda.<\/p>\n","protected":false},"author":1,"featured_media":0,"parent":0,"menu_order":0,"comment_status":"closed","ping_status":"closed","template":"","meta":{"_coblocks_attr":"","_coblocks_dimensions":"","_coblocks_responsive_height":"","_coblocks_accordion_ie_support":""},"acf":[],"yoast_head":"<!-- This site is optimized with the Yoast SEO plugin v19.3 - https:\/\/yoast.com\/wordpress\/plugins\/seo\/ -->\n<title>Tecnolog\u00eda - Robotray Automation<\/title>\n<meta name=\"description\" content=\"Robotray\u2122\u00a0can handle various tray styles for bakery It can also be retrofitted with modular attachments for bread slitting, technology\" \/>\n<meta name=\"robots\" content=\"index, follow, max-snippet:-1, max-image-preview:large, max-video-preview:-1\" \/>\n<link rel=\"canonical\" href=\"https:\/\/robotray.com\/es\/technology\/\" \/>\n<meta property=\"og:locale\" content=\"en_US\" \/>\n<meta property=\"og:type\" content=\"article\" \/>\n<meta property=\"og:title\" content=\"Tecnolog\u00eda - Robotray Automation\" \/>\n<meta property=\"og:description\" content=\"Robotray\u2122\u00a0can handle various tray styles for bakery It can also be retrofitted with modular attachments for bread slitting, technology\" \/>\n<meta property=\"og:url\" content=\"https:\/\/robotray.com\/es\/technology\/\" \/>\n<meta property=\"og:site_name\" content=\"Robotray Automation\" \/>\n<meta property=\"article:publisher\" content=\"https:\/\/www.facebook.com\/robo.tray\/\" \/>\n<meta property=\"article:modified_time\" content=\"2022-07-13T23:22:02+00:00\" \/>\n<meta name=\"twitter:card\" content=\"summary_large_image\" \/>\n<meta name=\"twitter:label1\" content=\"Est. reading time\" \/>\n\t<meta name=\"twitter:data1\" content=\"1 minute\" \/>\n<script type=\"application\/ld+json\" class=\"yoast-schema-graph\">{\"@context\":\"https:\/\/schema.org\",\"@graph\":[{\"@type\":\"Organization\",\"@id\":\"https:\/\/robotray.com\/es\/#organization\",\"name\":\"Robotray Automation\",\"url\":\"https:\/\/robotray.com\/es\/\",\"sameAs\":[\"https:\/\/www.linkedin.com\/company\/robotray\/\",\"https:\/\/www.youtube.com\/channel\/UCeaMw6P7XI-5A_mX4j3m4Kg\",\"https:\/\/www.facebook.com\/robo.tray\/\"],\"logo\":{\"@type\":\"ImageObject\",\"inLanguage\":\"en-US\",\"@id\":\"https:\/\/robotray.com\/es\/#\/schema\/logo\/image\/\",\"url\":\"https:\/\/robotray.com\/es\/wp-content\/uploads\/2021\/03\/Robotray_LOGO-baeltec-scaled.jpg\",\"contentUrl\":\"https:\/\/robotray.com\/es\/wp-content\/uploads\/2021\/03\/Robotray_LOGO-baeltec-scaled.jpg\",\"width\":2560,\"height\":1117,\"caption\":\"Robotray Automation\"},\"image\":{\"@id\":\"https:\/\/robotray.com\/es\/#\/schema\/logo\/image\/\"}},{\"@type\":\"WebSite\",\"@id\":\"https:\/\/robotray.com\/es\/#website\",\"url\":\"https:\/\/robotray.com\/es\/\",\"name\":\"Robotray Automation\",\"description\":\"Automation can help your manufacturing plant become more profitable.Automatisierung kann Ihrer Fertigungsanlage helfen, profitabler zu werden.L\u2019automatisation de Robotray peut aider votre usine de fabrication \u00e0 devenir plus rentable.La automatizaci\u00f3n de Robotray puede ayudar a hacer mas rentable su f\u00e1brica\",\"publisher\":{\"@id\":\"https:\/\/robotray.com\/es\/#organization\"},\"potentialAction\":[{\"@type\":\"SearchAction\",\"target\":{\"@type\":\"EntryPoint\",\"urlTemplate\":\"https:\/\/robotray.com\/es\/?s={search_term_string}\"},\"query-input\":\"required name=search_term_string\"}],\"inLanguage\":\"en-US\"},{\"@type\":\"WebPage\",\"@id\":\"https:\/\/robotray.com\/es\/technology\/\",\"url\":\"https:\/\/robotray.com\/es\/technology\/\",\"name\":\"Tecnolog\u00eda - Robotray Automation\",\"isPartOf\":{\"@id\":\"https:\/\/robotray.com\/es\/#website\"},\"datePublished\":\"2020-07-05T18:43:14+00:00\",\"dateModified\":\"2022-07-13T23:22:02+00:00\",\"description\":\"Robotray\u2122\u00a0can handle various tray styles for bakery It can also be retrofitted with modular attachments for bread slitting, technology\",\"breadcrumb\":{\"@id\":\"https:\/\/robotray.com\/es\/technology\/#breadcrumb\"},\"inLanguage\":\"en-US\",\"potentialAction\":[{\"@type\":\"ReadAction\",\"target\":[\"https:\/\/robotray.com\/es\/technology\/\"]}]},{\"@type\":\"BreadcrumbList\",\"@id\":\"https:\/\/robotray.com\/es\/technology\/#breadcrumb\",\"itemListElement\":[{\"@type\":\"ListItem\",\"position\":1,\"name\":\"Tecnolog\u00eda\"}]}]}<\/script>\n<!-- \/ Yoast SEO plugin. -->","yoast_head_json":{"title":"Tecnolog\u00eda - Robotray Automation","description":"Robotray\u2122\u00a0can handle various tray styles for bakery It can also be retrofitted with modular attachments for bread slitting, technology","robots":{"index":"index","follow":"follow","max-snippet":"max-snippet:-1","max-image-preview":"max-image-preview:large","max-video-preview":"max-video-preview:-1"},"canonical":"https:\/\/robotray.com\/es\/technology\/","og_locale":"en_US","og_type":"article","og_title":"Tecnolog\u00eda - Robotray Automation","og_description":"Robotray\u2122\u00a0can handle various tray styles for bakery It can also be retrofitted with modular attachments for bread slitting, technology","og_url":"https:\/\/robotray.com\/es\/technology\/","og_site_name":"Robotray Automation","article_publisher":"https:\/\/www.facebook.com\/robo.tray\/","article_modified_time":"2022-07-13T23:22:02+00:00","twitter_card":"summary_large_image","twitter_misc":{"Est. reading time":"1 minute"},"schema":{"@context":"https:\/\/schema.org","@graph":[{"@type":"Organization","@id":"https:\/\/robotray.com\/es\/#organization","name":"Robotray Automation","url":"https:\/\/robotray.com\/es\/","sameAs":["https:\/\/www.linkedin.com\/company\/robotray\/","https:\/\/www.youtube.com\/channel\/UCeaMw6P7XI-5A_mX4j3m4Kg","https:\/\/www.facebook.com\/robo.tray\/"],"logo":{"@type":"ImageObject","inLanguage":"en-US","@id":"https:\/\/robotray.com\/es\/#\/schema\/logo\/image\/","url":"https:\/\/robotray.com\/es\/wp-content\/uploads\/2021\/03\/Robotray_LOGO-baeltec-scaled.jpg","contentUrl":"https:\/\/robotray.com\/es\/wp-content\/uploads\/2021\/03\/Robotray_LOGO-baeltec-scaled.jpg","width":2560,"height":1117,"caption":"Robotray Automation"},"image":{"@id":"https:\/\/robotray.com\/es\/#\/schema\/logo\/image\/"}},{"@type":"WebSite","@id":"https:\/\/robotray.com\/es\/#website","url":"https:\/\/robotray.com\/es\/","name":"Robotray Automation","description":"Automation can help your manufacturing plant become more profitable.Automatisierung kann Ihrer Fertigungsanlage helfen, profitabler zu werden.L\u2019automatisation de Robotray peut aider votre usine de fabrication \u00e0 devenir plus rentable.La automatizaci\u00f3n de Robotray puede ayudar a hacer mas rentable su f\u00e1brica","publisher":{"@id":"https:\/\/robotray.com\/es\/#organization"},"potentialAction":[{"@type":"SearchAction","target":{"@type":"EntryPoint","urlTemplate":"https:\/\/robotray.com\/es\/?s={search_term_string}"},"query-input":"required name=search_term_string"}],"inLanguage":"en-US"},{"@type":"WebPage","@id":"https:\/\/robotray.com\/es\/technology\/","url":"https:\/\/robotray.com\/es\/technology\/","name":"Tecnolog\u00eda - Robotray Automation","isPartOf":{"@id":"https:\/\/robotray.com\/es\/#website"},"datePublished":"2020-07-05T18:43:14+00:00","dateModified":"2022-07-13T23:22:02+00:00","description":"Robotray\u2122\u00a0can handle various tray styles for bakery It can also be retrofitted with modular attachments for bread slitting, technology","breadcrumb":{"@id":"https:\/\/robotray.com\/es\/technology\/#breadcrumb"},"inLanguage":"en-US","potentialAction":[{"@type":"ReadAction","target":["https:\/\/robotray.com\/es\/technology\/"]}]},{"@type":"BreadcrumbList","@id":"https:\/\/robotray.com\/es\/technology\/#breadcrumb","itemListElement":[{"@type":"ListItem","position":1,"name":"Tecnolog\u00eda"}]}]}},"_links":{"self":[{"href":"https:\/\/robotray.com\/es\/wp-json\/wp\/v2\/pages\/156"}],"collection":[{"href":"https:\/\/robotray.com\/es\/wp-json\/wp\/v2\/pages"}],"about":[{"href":"https:\/\/robotray.com\/es\/wp-json\/wp\/v2\/types\/page"}],"author":[{"embeddable":true,"href":"https:\/\/robotray.com\/es\/wp-json\/wp\/v2\/users\/1"}],"replies":[{"embeddable":true,"href":"https:\/\/robotray.com\/es\/wp-json\/wp\/v2\/comments?post=156"}],"version-history":[{"count":37,"href":"https:\/\/robotray.com\/es\/wp-json\/wp\/v2\/pages\/156\/revisions"}],"predecessor-version":[{"id":3654,"href":"https:\/\/robotray.com\/es\/wp-json\/wp\/v2\/pages\/156\/revisions\/3654"}],"wp:attachment":[{"href":"https:\/\/robotray.com\/es\/wp-json\/wp\/v2\/media?parent=156"}],"curies":[{"name":"wp","href":"https:\/\/api.w.org\/{rel}","templated":true}]}}