{"id":158,"date":"2020-07-05T18:43:27","date_gmt":"2020-07-05T18:43:27","guid":{"rendered":"https:\/\/robotray.com\/es\/?page_id=158"},"modified":"2022-07-13T23:07:34","modified_gmt":"2022-07-13T23:07:34","slug":"robotray-automated-bakery-equipment-story","status":"publish","type":"page","link":"https:\/\/robotray.com\/es\/robotray-automated-bakery-equipment-story\/","title":{"rendered":"Nuestra Historia"},"content":{"rendered":"<h4>Esperamos contar con usted como parte de nosotros.<\/h4>\n","protected":false},"excerpt":{"rendered":"<p>Esperamos contar con usted como parte de nosotros.<\/p>\n","protected":false},"author":1,"featured_media":1412,"parent":0,"menu_order":0,"comment_status":"closed","ping_status":"closed","template":"","meta":{"_coblocks_attr":"","_coblocks_dimensions":"","_coblocks_responsive_height":"","_coblocks_accordion_ie_support":""},"acf":[],"yoast_head":"<!-- This site is optimized with the Yoast SEO plugin v19.3 - https:\/\/yoast.com\/wordpress\/plugins\/seo\/ -->\n<title>Bakery Automation specialized in integrating hardware with software<\/title>\n<meta name=\"description\" content=\"Our story Our user-friendly automated bakery equipment proved line of competitively priced equipment will provide your company\" \/>\n<meta name=\"robots\" content=\"index, follow, max-snippet:-1, max-image-preview:large, max-video-preview:-1\" \/>\n<link rel=\"canonical\" href=\"https:\/\/robotray.com\/es\/robotray-automated-bakery-equipment-story\/\" \/>\n<meta property=\"og:locale\" content=\"en_US\" \/>\n<meta property=\"og:type\" content=\"article\" \/>\n<meta property=\"og:title\" content=\"Bakery Automation specialized in integrating hardware with software\" \/>\n<meta property=\"og:description\" content=\"Our story Our user-friendly automated bakery equipment proved line of competitively priced equipment will provide your company\" \/>\n<meta property=\"og:url\" content=\"https:\/\/robotray.com\/es\/robotray-automated-bakery-equipment-story\/\" \/>\n<meta property=\"og:site_name\" content=\"Robotray Automation\" \/>\n<meta property=\"article:publisher\" content=\"https:\/\/www.facebook.com\/robo.tray\/\" \/>\n<meta property=\"article:modified_time\" content=\"2022-07-13T23:07:34+00:00\" \/>\n<meta property=\"og:image\" content=\"https:\/\/robotray.com\/es\/wp-content\/uploads\/2020\/12\/Robotray-bakery-automation-equipment-17.jpg\" \/>\n\t<meta property=\"og:image:width\" content=\"1500\" \/>\n\t<meta property=\"og:image:height\" content=\"1000\" \/>\n\t<meta property=\"og:image:type\" content=\"image\/jpeg\" \/>\n<meta name=\"twitter:card\" content=\"summary_large_image\" \/>\n<meta name=\"twitter:label1\" content=\"Est. reading time\" \/>\n\t<meta name=\"twitter:data1\" content=\"1 minute\" \/>\n<script type=\"application\/ld+json\" class=\"yoast-schema-graph\">{\"@context\":\"https:\/\/schema.org\",\"@graph\":[{\"@type\":\"Organization\",\"@id\":\"https:\/\/robotray.com\/es\/#organization\",\"name\":\"Robotray Automation\",\"url\":\"https:\/\/robotray.com\/es\/\",\"sameAs\":[\"https:\/\/www.linkedin.com\/company\/robotray\/\",\"https:\/\/www.youtube.com\/channel\/UCeaMw6P7XI-5A_mX4j3m4Kg\",\"https:\/\/www.facebook.com\/robo.tray\/\"],\"logo\":{\"@type\":\"ImageObject\",\"inLanguage\":\"en-US\",\"@id\":\"https:\/\/robotray.com\/es\/#\/schema\/logo\/image\/\",\"url\":\"https:\/\/robotray.com\/es\/wp-content\/uploads\/2021\/03\/Robotray_LOGO-baeltec-scaled.jpg\",\"contentUrl\":\"https:\/\/robotray.com\/es\/wp-content\/uploads\/2021\/03\/Robotray_LOGO-baeltec-scaled.jpg\",\"width\":2560,\"height\":1117,\"caption\":\"Robotray Automation\"},\"image\":{\"@id\":\"https:\/\/robotray.com\/es\/#\/schema\/logo\/image\/\"}},{\"@type\":\"WebSite\",\"@id\":\"https:\/\/robotray.com\/es\/#website\",\"url\":\"https:\/\/robotray.com\/es\/\",\"name\":\"Robotray Automation\",\"description\":\"Automation can help your manufacturing plant become more profitable.Automatisierung kann Ihrer Fertigungsanlage helfen, profitabler zu werden.L\u2019automatisation de Robotray peut aider votre usine de fabrication \u00e0 devenir plus rentable.La automatizaci\u00f3n de Robotray puede ayudar a hacer mas rentable su f\u00e1brica\",\"publisher\":{\"@id\":\"https:\/\/robotray.com\/es\/#organization\"},\"potentialAction\":[{\"@type\":\"SearchAction\",\"target\":{\"@type\":\"EntryPoint\",\"urlTemplate\":\"https:\/\/robotray.com\/es\/?s={search_term_string}\"},\"query-input\":\"required name=search_term_string\"}],\"inLanguage\":\"en-US\"},{\"@type\":\"ImageObject\",\"inLanguage\":\"en-US\",\"@id\":\"https:\/\/robotray.com\/es\/robotray-automated-bakery-equipment-story\/#primaryimage\",\"url\":\"https:\/\/robotray.com\/es\/wp-content\/uploads\/2020\/12\/Robotray-bakery-automation-equipment-17.jpg\",\"contentUrl\":\"https:\/\/robotray.com\/es\/wp-content\/uploads\/2020\/12\/Robotray-bakery-automation-equipment-17.jpg\",\"width\":1500,\"height\":1000,\"caption\":\"At Robotray we have automation for all the manufacturing processes in your bakery, from the movement of trays at the end of the make-up line, to the final packaging, and palletizing of the product.\"},{\"@type\":\"WebPage\",\"@id\":\"https:\/\/robotray.com\/es\/robotray-automated-bakery-equipment-story\/\",\"url\":\"https:\/\/robotray.com\/es\/robotray-automated-bakery-equipment-story\/\",\"name\":\"Bakery Automation specialized in integrating hardware with software\",\"isPartOf\":{\"@id\":\"https:\/\/robotray.com\/es\/#website\"},\"primaryImageOfPage\":{\"@id\":\"https:\/\/robotray.com\/es\/robotray-automated-bakery-equipment-story\/#primaryimage\"},\"datePublished\":\"2020-07-05T18:43:27+00:00\",\"dateModified\":\"2022-07-13T23:07:34+00:00\",\"description\":\"Our story Our user-friendly automated bakery equipment proved line of competitively priced equipment will provide your company\",\"breadcrumb\":{\"@id\":\"https:\/\/robotray.com\/es\/robotray-automated-bakery-equipment-story\/#breadcrumb\"},\"inLanguage\":\"en-US\",\"potentialAction\":[{\"@type\":\"ReadAction\",\"target\":[\"https:\/\/robotray.com\/es\/robotray-automated-bakery-equipment-story\/\"]}]},{\"@type\":\"BreadcrumbList\",\"@id\":\"https:\/\/robotray.com\/es\/robotray-automated-bakery-equipment-story\/#breadcrumb\",\"itemListElement\":[{\"@type\":\"ListItem\",\"position\":1,\"name\":\"Nuestra Historia\"}]}]}<\/script>\n<!-- \/ Yoast SEO plugin. -->","yoast_head_json":{"title":"Bakery Automation specialized in integrating hardware with software","description":"Our story Our user-friendly automated bakery equipment proved line of competitively priced equipment will provide your company","robots":{"index":"index","follow":"follow","max-snippet":"max-snippet:-1","max-image-preview":"max-image-preview:large","max-video-preview":"max-video-preview:-1"},"canonical":"https:\/\/robotray.com\/es\/robotray-automated-bakery-equipment-story\/","og_locale":"en_US","og_type":"article","og_title":"Bakery Automation specialized in integrating hardware with software","og_description":"Our story Our user-friendly automated bakery equipment proved line of competitively priced equipment will provide your company","og_url":"https:\/\/robotray.com\/es\/robotray-automated-bakery-equipment-story\/","og_site_name":"Robotray Automation","article_publisher":"https:\/\/www.facebook.com\/robo.tray\/","article_modified_time":"2022-07-13T23:07:34+00:00","og_image":[{"width":1500,"height":1000,"url":"https:\/\/robotray.com\/es\/wp-content\/uploads\/2020\/12\/Robotray-bakery-automation-equipment-17.jpg","type":"image\/jpeg"}],"twitter_card":"summary_large_image","twitter_misc":{"Est. reading time":"1 minute"},"schema":{"@context":"https:\/\/schema.org","@graph":[{"@type":"Organization","@id":"https:\/\/robotray.com\/es\/#organization","name":"Robotray Automation","url":"https:\/\/robotray.com\/es\/","sameAs":["https:\/\/www.linkedin.com\/company\/robotray\/","https:\/\/www.youtube.com\/channel\/UCeaMw6P7XI-5A_mX4j3m4Kg","https:\/\/www.facebook.com\/robo.tray\/"],"logo":{"@type":"ImageObject","inLanguage":"en-US","@id":"https:\/\/robotray.com\/es\/#\/schema\/logo\/image\/","url":"https:\/\/robotray.com\/es\/wp-content\/uploads\/2021\/03\/Robotray_LOGO-baeltec-scaled.jpg","contentUrl":"https:\/\/robotray.com\/es\/wp-content\/uploads\/2021\/03\/Robotray_LOGO-baeltec-scaled.jpg","width":2560,"height":1117,"caption":"Robotray Automation"},"image":{"@id":"https:\/\/robotray.com\/es\/#\/schema\/logo\/image\/"}},{"@type":"WebSite","@id":"https:\/\/robotray.com\/es\/#website","url":"https:\/\/robotray.com\/es\/","name":"Robotray Automation","description":"Automation can help your manufacturing plant become more profitable.Automatisierung kann Ihrer Fertigungsanlage helfen, profitabler zu werden.L\u2019automatisation de Robotray peut aider votre usine de fabrication \u00e0 devenir plus rentable.La automatizaci\u00f3n de Robotray puede ayudar a hacer mas rentable su f\u00e1brica","publisher":{"@id":"https:\/\/robotray.com\/es\/#organization"},"potentialAction":[{"@type":"SearchAction","target":{"@type":"EntryPoint","urlTemplate":"https:\/\/robotray.com\/es\/?s={search_term_string}"},"query-input":"required name=search_term_string"}],"inLanguage":"en-US"},{"@type":"ImageObject","inLanguage":"en-US","@id":"https:\/\/robotray.com\/es\/robotray-automated-bakery-equipment-story\/#primaryimage","url":"https:\/\/robotray.com\/es\/wp-content\/uploads\/2020\/12\/Robotray-bakery-automation-equipment-17.jpg","contentUrl":"https:\/\/robotray.com\/es\/wp-content\/uploads\/2020\/12\/Robotray-bakery-automation-equipment-17.jpg","width":1500,"height":1000,"caption":"At Robotray we have automation for all the manufacturing processes in your bakery, from the movement of trays at the end of the make-up line, to the final packaging, and palletizing of the product."},{"@type":"WebPage","@id":"https:\/\/robotray.com\/es\/robotray-automated-bakery-equipment-story\/","url":"https:\/\/robotray.com\/es\/robotray-automated-bakery-equipment-story\/","name":"Bakery Automation specialized in integrating hardware with software","isPartOf":{"@id":"https:\/\/robotray.com\/es\/#website"},"primaryImageOfPage":{"@id":"https:\/\/robotray.com\/es\/robotray-automated-bakery-equipment-story\/#primaryimage"},"datePublished":"2020-07-05T18:43:27+00:00","dateModified":"2022-07-13T23:07:34+00:00","description":"Our story Our user-friendly automated bakery equipment proved line of competitively priced equipment will provide your company","breadcrumb":{"@id":"https:\/\/robotray.com\/es\/robotray-automated-bakery-equipment-story\/#breadcrumb"},"inLanguage":"en-US","potentialAction":[{"@type":"ReadAction","target":["https:\/\/robotray.com\/es\/robotray-automated-bakery-equipment-story\/"]}]},{"@type":"BreadcrumbList","@id":"https:\/\/robotray.com\/es\/robotray-automated-bakery-equipment-story\/#breadcrumb","itemListElement":[{"@type":"ListItem","position":1,"name":"Nuestra Historia"}]}]}},"_links":{"self":[{"href":"https:\/\/robotray.com\/es\/wp-json\/wp\/v2\/pages\/158"}],"collection":[{"href":"https:\/\/robotray.com\/es\/wp-json\/wp\/v2\/pages"}],"about":[{"href":"https:\/\/robotray.com\/es\/wp-json\/wp\/v2\/types\/page"}],"author":[{"embeddable":true,"href":"https:\/\/robotray.com\/es\/wp-json\/wp\/v2\/users\/1"}],"replies":[{"embeddable":true,"href":"https:\/\/robotray.com\/es\/wp-json\/wp\/v2\/comments?post=158"}],"version-history":[{"count":43,"href":"https:\/\/robotray.com\/es\/wp-json\/wp\/v2\/pages\/158\/revisions"}],"predecessor-version":[{"id":3643,"href":"https:\/\/robotray.com\/es\/wp-json\/wp\/v2\/pages\/158\/revisions\/3643"}],"wp:featuredmedia":[{"embeddable":true,"href":"https:\/\/robotray.com\/es\/wp-json\/wp\/v2\/media\/1412"}],"wp:attachment":[{"href":"https:\/\/robotray.com\/es\/wp-json\/wp\/v2\/media?parent=158"}],"curies":[{"name":"wp","href":"https:\/\/api.w.org\/{rel}","templated":true}]}}