{"id":2144,"date":"2022-05-22T00:19:44","date_gmt":"2022-05-22T00:19:44","guid":{"rendered":"https:\/\/robotray.com\/es\/robotray-automation-copy\/"},"modified":"2025-04-04T08:44:51","modified_gmt":"2025-04-04T08:44:51","slug":"robotray-automation-home","status":"publish","type":"page","link":"https:\/\/robotray.com\/es\/","title":{"rendered":"Robotray Automation"},"content":{"rendered":"","protected":false},"excerpt":{"rendered":"","protected":false},"author":4,"featured_media":0,"parent":0,"menu_order":0,"comment_status":"closed","ping_status":"closed","template":"","meta":{"_coblocks_attr":"","_coblocks_dimensions":"","_coblocks_responsive_height":"","_coblocks_accordion_ie_support":""},"acf":[],"yoast_head":"<!-- This site is optimized with the Yoast SEO plugin v19.3 - https:\/\/yoast.com\/wordpress\/plugins\/seo\/ -->\n<title>Robotray Automation - Home<\/title>\n<meta name=\"description\" content=\"Automatiza tu panader\u00eda con Robotray Automation. Soluciones innovadoras para optimizar la producci\u00f3n, mejorar la calidad y reducir costos.\" \/>\n<meta name=\"robots\" content=\"index, follow, max-snippet:-1, max-image-preview:large, max-video-preview:-1\" \/>\n<link rel=\"canonical\" href=\"https:\/\/robotray.com\/es\/\" \/>\n<meta property=\"og:locale\" content=\"en_US\" \/>\n<meta property=\"og:type\" content=\"article\" \/>\n<meta property=\"og:title\" content=\"Robotray - Automated Bakery Equipment\" \/>\n<meta property=\"og:description\" content=\"Specialize in automated bakery equipment and integrating hardware with software into seamless, user-friendly systems for an efficient automated solution.\" \/>\n<meta property=\"og:url\" content=\"https:\/\/robotray.com\/es\/\" \/>\n<meta property=\"og:site_name\" content=\"Robotray Automation\" \/>\n<meta property=\"article:publisher\" content=\"https:\/\/www.facebook.com\/robo.tray\/\" \/>\n<meta property=\"article:modified_time\" content=\"2025-04-04T08:44:51+00:00\" \/>\n<meta property=\"og:image\" content=\"https:\/\/robotray.com\/es\/wp-content\/uploads\/2020\/07\/robotray-web.png\" \/>\n\t<meta property=\"og:image:width\" content=\"1590\" \/>\n\t<meta property=\"og:image:height\" content=\"1914\" \/>\n\t<meta property=\"og:image:type\" content=\"image\/png\" \/>\n<meta name=\"twitter:card\" content=\"summary_large_image\" \/>\n<meta name=\"twitter:title\" content=\"Robotray - Automated Bakery Equipment\" \/>\n<meta name=\"twitter:description\" content=\"Specialize in automated bakery equipment and integrating hardware with software into seamless, user-friendly systems for an efficient automated solution.\" \/>\n<meta name=\"twitter:image\" content=\"https:\/\/robotray.com\/es\/wp-content\/uploads\/2020\/07\/robotrack.jpg\" \/>\n<script type=\"application\/ld+json\" class=\"yoast-schema-graph\">{\"@context\":\"https:\/\/schema.org\",\"@graph\":[{\"@type\":\"Organization\",\"@id\":\"https:\/\/robotray.com\/es\/#organization\",\"name\":\"Robotray Automation\",\"url\":\"https:\/\/robotray.com\/es\/\",\"sameAs\":[\"https:\/\/www.linkedin.com\/company\/robotray\/\",\"https:\/\/www.youtube.com\/channel\/UCeaMw6P7XI-5A_mX4j3m4Kg\",\"https:\/\/www.facebook.com\/robo.tray\/\"],\"logo\":{\"@type\":\"ImageObject\",\"inLanguage\":\"en-US\",\"@id\":\"https:\/\/robotray.com\/es\/#\/schema\/logo\/image\/\",\"url\":\"https:\/\/robotray.com\/es\/wp-content\/uploads\/2021\/03\/Robotray_LOGO-baeltec-scaled.jpg\",\"contentUrl\":\"https:\/\/robotray.com\/es\/wp-content\/uploads\/2021\/03\/Robotray_LOGO-baeltec-scaled.jpg\",\"width\":2560,\"height\":1117,\"caption\":\"Robotray Automation\"},\"image\":{\"@id\":\"https:\/\/robotray.com\/es\/#\/schema\/logo\/image\/\"}},{\"@type\":\"WebSite\",\"@id\":\"https:\/\/robotray.com\/es\/#website\",\"url\":\"https:\/\/robotray.com\/es\/\",\"name\":\"Robotray Automation\",\"description\":\"Automation can help your manufacturing plant become more profitable.Automatisierung kann Ihrer Fertigungsanlage helfen, profitabler zu werden.L\u2019automatisation de Robotray peut aider votre usine de fabrication \u00e0 devenir plus rentable.La automatizaci\u00f3n de Robotray puede ayudar a hacer mas rentable su f\u00e1brica\",\"publisher\":{\"@id\":\"https:\/\/robotray.com\/es\/#organization\"},\"potentialAction\":[{\"@type\":\"SearchAction\",\"target\":{\"@type\":\"EntryPoint\",\"urlTemplate\":\"https:\/\/robotray.com\/es\/?s={search_term_string}\"},\"query-input\":\"required name=search_term_string\"}],\"inLanguage\":\"en-US\"},{\"@type\":\"WebPage\",\"@id\":\"https:\/\/robotray.com\/es\/\",\"url\":\"https:\/\/robotray.com\/es\/\",\"name\":\"Robotray Automation - Home\",\"isPartOf\":{\"@id\":\"https:\/\/robotray.com\/es\/#website\"},\"datePublished\":\"2022-05-22T00:19:44+00:00\",\"dateModified\":\"2025-04-04T08:44:51+00:00\",\"description\":\"Automatiza tu panader\u00eda con Robotray Automation. Soluciones innovadoras para optimizar la producci\u00f3n, mejorar la calidad y reducir costos.\",\"breadcrumb\":{\"@id\":\"https:\/\/robotray.com\/es\/#breadcrumb\"},\"inLanguage\":\"en-US\",\"potentialAction\":[{\"@type\":\"ReadAction\",\"target\":[\"https:\/\/robotray.com\/es\/\"]}]},{\"@type\":\"BreadcrumbList\",\"@id\":\"https:\/\/robotray.com\/es\/#breadcrumb\",\"itemListElement\":[{\"@type\":\"ListItem\",\"position\":1,\"name\":\"Robotray Automation\"}]}]}<\/script>\n<!-- \/ Yoast SEO plugin. -->","yoast_head_json":{"title":"Robotray Automation - Home","description":"Automatiza tu panader\u00eda con Robotray Automation. Soluciones innovadoras para optimizar la producci\u00f3n, mejorar la calidad y reducir costos.","robots":{"index":"index","follow":"follow","max-snippet":"max-snippet:-1","max-image-preview":"max-image-preview:large","max-video-preview":"max-video-preview:-1"},"canonical":"https:\/\/robotray.com\/es\/","og_locale":"en_US","og_type":"article","og_title":"Robotray - Automated Bakery Equipment","og_description":"Specialize in automated bakery equipment and integrating hardware with software into seamless, user-friendly systems for an efficient automated solution.","og_url":"https:\/\/robotray.com\/es\/","og_site_name":"Robotray Automation","article_publisher":"https:\/\/www.facebook.com\/robo.tray\/","article_modified_time":"2025-04-04T08:44:51+00:00","og_image":[{"width":1590,"height":1914,"url":"https:\/\/robotray.com\/es\/wp-content\/uploads\/2020\/07\/robotray-web.png","type":"image\/png"}],"twitter_card":"summary_large_image","twitter_title":"Robotray - Automated Bakery Equipment","twitter_description":"Specialize in automated bakery equipment and integrating hardware with software into seamless, user-friendly systems for an efficient automated solution.","twitter_image":"https:\/\/robotray.com\/es\/wp-content\/uploads\/2020\/07\/robotrack.jpg","schema":{"@context":"https:\/\/schema.org","@graph":[{"@type":"Organization","@id":"https:\/\/robotray.com\/es\/#organization","name":"Robotray Automation","url":"https:\/\/robotray.com\/es\/","sameAs":["https:\/\/www.linkedin.com\/company\/robotray\/","https:\/\/www.youtube.com\/channel\/UCeaMw6P7XI-5A_mX4j3m4Kg","https:\/\/www.facebook.com\/robo.tray\/"],"logo":{"@type":"ImageObject","inLanguage":"en-US","@id":"https:\/\/robotray.com\/es\/#\/schema\/logo\/image\/","url":"https:\/\/robotray.com\/es\/wp-content\/uploads\/2021\/03\/Robotray_LOGO-baeltec-scaled.jpg","contentUrl":"https:\/\/robotray.com\/es\/wp-content\/uploads\/2021\/03\/Robotray_LOGO-baeltec-scaled.jpg","width":2560,"height":1117,"caption":"Robotray Automation"},"image":{"@id":"https:\/\/robotray.com\/es\/#\/schema\/logo\/image\/"}},{"@type":"WebSite","@id":"https:\/\/robotray.com\/es\/#website","url":"https:\/\/robotray.com\/es\/","name":"Robotray Automation","description":"Automation can help your manufacturing plant become more profitable.Automatisierung kann Ihrer Fertigungsanlage helfen, profitabler zu werden.L\u2019automatisation de Robotray peut aider votre usine de fabrication \u00e0 devenir plus rentable.La automatizaci\u00f3n de Robotray puede ayudar a hacer mas rentable su f\u00e1brica","publisher":{"@id":"https:\/\/robotray.com\/es\/#organization"},"potentialAction":[{"@type":"SearchAction","target":{"@type":"EntryPoint","urlTemplate":"https:\/\/robotray.com\/es\/?s={search_term_string}"},"query-input":"required name=search_term_string"}],"inLanguage":"en-US"},{"@type":"WebPage","@id":"https:\/\/robotray.com\/es\/","url":"https:\/\/robotray.com\/es\/","name":"Robotray Automation - Home","isPartOf":{"@id":"https:\/\/robotray.com\/es\/#website"},"datePublished":"2022-05-22T00:19:44+00:00","dateModified":"2025-04-04T08:44:51+00:00","description":"Automatiza tu panader\u00eda con Robotray Automation. Soluciones innovadoras para optimizar la producci\u00f3n, mejorar la calidad y reducir costos.","breadcrumb":{"@id":"https:\/\/robotray.com\/es\/#breadcrumb"},"inLanguage":"en-US","potentialAction":[{"@type":"ReadAction","target":["https:\/\/robotray.com\/es\/"]}]},{"@type":"BreadcrumbList","@id":"https:\/\/robotray.com\/es\/#breadcrumb","itemListElement":[{"@type":"ListItem","position":1,"name":"Robotray Automation"}]}]}},"_links":{"self":[{"href":"https:\/\/robotray.com\/es\/wp-json\/wp\/v2\/pages\/2144"}],"collection":[{"href":"https:\/\/robotray.com\/es\/wp-json\/wp\/v2\/pages"}],"about":[{"href":"https:\/\/robotray.com\/es\/wp-json\/wp\/v2\/types\/page"}],"author":[{"embeddable":true,"href":"https:\/\/robotray.com\/es\/wp-json\/wp\/v2\/users\/4"}],"replies":[{"embeddable":true,"href":"https:\/\/robotray.com\/es\/wp-json\/wp\/v2\/comments?post=2144"}],"version-history":[{"count":23,"href":"https:\/\/robotray.com\/es\/wp-json\/wp\/v2\/pages\/2144\/revisions"}],"predecessor-version":[{"id":3668,"href":"https:\/\/robotray.com\/es\/wp-json\/wp\/v2\/pages\/2144\/revisions\/3668"}],"wp:attachment":[{"href":"https:\/\/robotray.com\/es\/wp-json\/wp\/v2\/media?parent=2144"}],"curies":[{"name":"wp","href":"https:\/\/api.w.org\/{rel}","templated":true}]}}